{"id":1014,"date":"2022-12-13T14:56:13","date_gmt":"2022-12-13T14:56:13","guid":{"rendered":"https:\/\/www.oxkem.com\/compliance-und-integritaet\/"},"modified":"2022-12-13T14:56:13","modified_gmt":"2022-12-13T14:56:13","slug":"compliance-und-integritaet","status":"publish","type":"page","link":"https:\/\/www.oxkem.com\/de\/compliance-und-integritaet\/","title":{"rendered":"Compliance und Integrit\u00e4t"},"content":{"rendered":"<p>Oxkem h\u00e4lt sich an die h\u00f6chsten Standards und achtet streng auf betriebliche und ethische Integrit\u00e4t in allen Aspekten der Produktion, des Vertriebs und der allgemeinen Gesch\u00e4ftspraxis. Wir halten uns konsequent an ISO 9001 (Qualit\u00e4tsmanagement), ISO 14001 (Umweltmanagement) und die strengsten Gesundheits- und Sicherheitsstandards.<\/p>\n<p>Unsere Grunds\u00e4tze haben wir in einer Reihe von Richtlinien und Erkl\u00e4rungen niedergelegt, die Sie hier einsehen k\u00f6nnen.<\/p>\n<p>\u2022 Umwelt, Gesundheit und Sicherheit (EHS)<br \/>\n\u2022 Unternehmerische Gesellschaftsverantwortung (CSR)<br \/>\n\u2022 Datenschutzerkl\u00e4rung (DSGVO)<br \/>\n\u2022 Erkl\u00e4rung zu moderner Sklaverei<br \/>\n\u2022 Erkl\u00e4rung zur Korruptionsbek\u00e4mpfung<\/p>\n","protected":false},"excerpt":{"rendered":"<p>Oxkem h\u00e4lt sich an die h\u00f6chsten Standards und achtet streng auf betriebliche und ethische Integrit\u00e4t in allen Aspekten der Produktion, [&hellip;]<\/p>\n","protected":false},"author":1,"featured_media":512,"parent":0,"menu_order":7,"comment_status":"closed","ping_status":"closed","template":"templates\/compliance.php","meta":{"_acf_changed":false,"footnotes":""},"class_list":["post-1014","page","type-page","status-publish","has-post-thumbnail","hentry"],"acf":[],"yoast_head":"<!-- This site is optimized with the Yoast SEO plugin v27.2 - https:\/\/yoast.com\/product\/yoast-seo-wordpress\/ -->\n<title>Compliance und Integrit\u00e4t | Oxkem<\/title>\n<meta name=\"robots\" content=\"index, follow, max-snippet:-1, max-image-preview:large, max-video-preview:-1\" \/>\n<link rel=\"canonical\" href=\"https:\/\/www.oxkem.com\/de\/compliance-und-integritaet\/\" \/>\n<meta property=\"og:locale\" content=\"de_DE\" \/>\n<meta property=\"og:type\" content=\"article\" \/>\n<meta property=\"og:title\" content=\"Compliance und Integrit\u00e4t | Oxkem\" \/>\n<meta property=\"og:description\" content=\"Oxkem h\u00e4lt sich an die h\u00f6chsten Standards und achtet streng auf betriebliche und ethische Integrit\u00e4t in allen Aspekten der Produktion, [&hellip;]\" \/>\n<meta property=\"og:url\" content=\"https:\/\/www.oxkem.com\/de\/compliance-und-integritaet\/\" \/>\n<meta property=\"og:site_name\" content=\"Oxkem\" \/>\n<meta property=\"og:image\" content=\"https:\/\/www.oxkem.com\/wp-content\/uploads\/2022\/12\/compliance-scaled.jpg\" \/>\n\t<meta property=\"og:image:width\" content=\"2560\" \/>\n\t<meta property=\"og:image:height\" content=\"1161\" \/>\n\t<meta property=\"og:image:type\" content=\"image\/jpeg\" \/>\n<meta name=\"twitter:card\" content=\"summary_large_image\" \/>\n<script type=\"application\/ld+json\" class=\"yoast-schema-graph\">{\"@context\":\"https:\/\/schema.org\",\"@graph\":[{\"@type\":\"WebPage\",\"@id\":\"https:\/\/www.oxkem.com\/de\/compliance-und-integritaet\/\",\"url\":\"https:\/\/www.oxkem.com\/de\/compliance-und-integritaet\/\",\"name\":\"Compliance und Integrit\u00e4t | Oxkem\",\"isPartOf\":{\"@id\":\"https:\/\/www.oxkem.com\/de\/#website\"},\"primaryImageOfPage\":{\"@id\":\"https:\/\/www.oxkem.com\/de\/compliance-und-integritaet\/#primaryimage\"},\"image\":{\"@id\":\"https:\/\/www.oxkem.com\/de\/compliance-und-integritaet\/#primaryimage\"},\"thumbnailUrl\":\"https:\/\/www.oxkem.com\/wp-content\/uploads\/2022\/12\/compliance-scaled.jpg\",\"datePublished\":\"2022-12-13T14:56:13+00:00\",\"breadcrumb\":{\"@id\":\"https:\/\/www.oxkem.com\/de\/compliance-und-integritaet\/#breadcrumb\"},\"inLanguage\":\"de\",\"potentialAction\":[{\"@type\":\"ReadAction\",\"target\":[\"https:\/\/www.oxkem.com\/de\/compliance-und-integritaet\/\"]}]},{\"@type\":\"ImageObject\",\"inLanguage\":\"de\",\"@id\":\"https:\/\/www.oxkem.com\/de\/compliance-und-integritaet\/#primaryimage\",\"url\":\"https:\/\/www.oxkem.com\/wp-content\/uploads\/2022\/12\/compliance-scaled.jpg\",\"contentUrl\":\"https:\/\/www.oxkem.com\/wp-content\/uploads\/2022\/12\/compliance-scaled.jpg\",\"width\":2560,\"height\":1161},{\"@type\":\"BreadcrumbList\",\"@id\":\"https:\/\/www.oxkem.com\/de\/compliance-und-integritaet\/#breadcrumb\",\"itemListElement\":[{\"@type\":\"ListItem\",\"position\":1,\"name\":\"Home\",\"item\":\"https:\/\/www.oxkem.com\/de\/\"},{\"@type\":\"ListItem\",\"position\":2,\"name\":\"Compliance und Integrit\u00e4t\"}]},{\"@type\":\"WebSite\",\"@id\":\"https:\/\/www.oxkem.com\/de\/#website\",\"url\":\"https:\/\/www.oxkem.com\/de\/\",\"name\":\"Oxkem\",\"description\":\"a world leader in metal salts\",\"potentialAction\":[{\"@type\":\"SearchAction\",\"target\":{\"@type\":\"EntryPoint\",\"urlTemplate\":\"https:\/\/www.oxkem.com\/de\/?s={search_term_string}\"},\"query-input\":{\"@type\":\"PropertyValueSpecification\",\"valueRequired\":true,\"valueName\":\"search_term_string\"}}],\"inLanguage\":\"de\"}]}<\/script>\n<!-- \/ Yoast SEO plugin. -->","yoast_head_json":{"title":"Compliance und Integrit\u00e4t | Oxkem","robots":{"index":"index","follow":"follow","max-snippet":"max-snippet:-1","max-image-preview":"max-image-preview:large","max-video-preview":"max-video-preview:-1"},"canonical":"https:\/\/www.oxkem.com\/de\/compliance-und-integritaet\/","og_locale":"de_DE","og_type":"article","og_title":"Compliance und Integrit\u00e4t | Oxkem","og_description":"Oxkem h\u00e4lt sich an die h\u00f6chsten Standards und achtet streng auf betriebliche und ethische Integrit\u00e4t in allen Aspekten der Produktion, [&hellip;]","og_url":"https:\/\/www.oxkem.com\/de\/compliance-und-integritaet\/","og_site_name":"Oxkem","og_image":[{"width":2560,"height":1161,"url":"https:\/\/www.oxkem.com\/wp-content\/uploads\/2022\/12\/compliance-scaled.jpg","type":"image\/jpeg"}],"twitter_card":"summary_large_image","schema":{"@context":"https:\/\/schema.org","@graph":[{"@type":"WebPage","@id":"https:\/\/www.oxkem.com\/de\/compliance-und-integritaet\/","url":"https:\/\/www.oxkem.com\/de\/compliance-und-integritaet\/","name":"Compliance und Integrit\u00e4t | Oxkem","isPartOf":{"@id":"https:\/\/www.oxkem.com\/de\/#website"},"primaryImageOfPage":{"@id":"https:\/\/www.oxkem.com\/de\/compliance-und-integritaet\/#primaryimage"},"image":{"@id":"https:\/\/www.oxkem.com\/de\/compliance-und-integritaet\/#primaryimage"},"thumbnailUrl":"https:\/\/www.oxkem.com\/wp-content\/uploads\/2022\/12\/compliance-scaled.jpg","datePublished":"2022-12-13T14:56:13+00:00","breadcrumb":{"@id":"https:\/\/www.oxkem.com\/de\/compliance-und-integritaet\/#breadcrumb"},"inLanguage":"de","potentialAction":[{"@type":"ReadAction","target":["https:\/\/www.oxkem.com\/de\/compliance-und-integritaet\/"]}]},{"@type":"ImageObject","inLanguage":"de","@id":"https:\/\/www.oxkem.com\/de\/compliance-und-integritaet\/#primaryimage","url":"https:\/\/www.oxkem.com\/wp-content\/uploads\/2022\/12\/compliance-scaled.jpg","contentUrl":"https:\/\/www.oxkem.com\/wp-content\/uploads\/2022\/12\/compliance-scaled.jpg","width":2560,"height":1161},{"@type":"BreadcrumbList","@id":"https:\/\/www.oxkem.com\/de\/compliance-und-integritaet\/#breadcrumb","itemListElement":[{"@type":"ListItem","position":1,"name":"Home","item":"https:\/\/www.oxkem.com\/de\/"},{"@type":"ListItem","position":2,"name":"Compliance und Integrit\u00e4t"}]},{"@type":"WebSite","@id":"https:\/\/www.oxkem.com\/de\/#website","url":"https:\/\/www.oxkem.com\/de\/","name":"Oxkem","description":"a world leader in metal salts","potentialAction":[{"@type":"SearchAction","target":{"@type":"EntryPoint","urlTemplate":"https:\/\/www.oxkem.com\/de\/?s={search_term_string}"},"query-input":{"@type":"PropertyValueSpecification","valueRequired":true,"valueName":"search_term_string"}}],"inLanguage":"de"}]}},"_links":{"self":[{"href":"https:\/\/www.oxkem.com\/de\/wp-json\/wp\/v2\/pages\/1014","targetHints":{"allow":["GET"]}}],"collection":[{"href":"https:\/\/www.oxkem.com\/de\/wp-json\/wp\/v2\/pages"}],"about":[{"href":"https:\/\/www.oxkem.com\/de\/wp-json\/wp\/v2\/types\/page"}],"author":[{"embeddable":true,"href":"https:\/\/www.oxkem.com\/de\/wp-json\/wp\/v2\/users\/1"}],"replies":[{"embeddable":true,"href":"https:\/\/www.oxkem.com\/de\/wp-json\/wp\/v2\/comments?post=1014"}],"version-history":[{"count":0,"href":"https:\/\/www.oxkem.com\/de\/wp-json\/wp\/v2\/pages\/1014\/revisions"}],"wp:featuredmedia":[{"embeddable":true,"href":"https:\/\/www.oxkem.com\/de\/wp-json\/wp\/v2\/media\/512"}],"wp:attachment":[{"href":"https:\/\/www.oxkem.com\/de\/wp-json\/wp\/v2\/media?parent=1014"}],"curies":[{"name":"wp","href":"https:\/\/api.w.org\/{rel}","templated":true}]}}