{"id":981,"date":"2022-12-13T16:18:38","date_gmt":"2022-12-13T16:18:38","guid":{"rendered":"https:\/\/www.oxkem.com\/compuestos-de-vanadio\/"},"modified":"2022-12-13T16:18:38","modified_gmt":"2022-12-13T16:18:38","slug":"compuestos-de-vanadio","status":"publish","type":"page","link":"https:\/\/www.oxkem.com\/es\/compuestos-de-vanadio\/","title":{"rendered":"Compuestos de vanadio"},"content":{"rendered":"<p>Oxkem fabrica una gama de compuestos de vanadio para utilizar en la fabricaci\u00f3n de bater\u00edas, catalizadores, pigmentos y tratamientos de superficies. En especial, Oxkem es uno de los mayores fabricantes de sulfato de vanadio del mundo; se utiliza como electrolito en las bater\u00edas de flujo redox de vanadio y en los tratamientos de superficies.<\/p>\n<p>Nuestros clientes clasifican al electrolito para bater\u00edas y al sulfato de vanadio para tratamientos de superficies de Oxkem como el est\u00e1ndar de referencia. Podemos adaptar las especificaciones del producto a las necesidades particulares de cada cliente, y nuestra capacidad de producci\u00f3n actual, tanto de electrolito como de sulfato de vanadio, supera los cuatro millones de litros al a\u00f1o.<\/p>\n<p>Nuestro m\u00e9todo de producci\u00f3n de sulfato de vanadio emplea la reducci\u00f3n electrol\u00edtica a partir de V5+ de gran pureza. El producto resultante es mucho m\u00e1s puro que el electrolito elaborado por simple mezcla o mediante el uso de agentes reductores qu\u00edmicos tradicionales. Nuestros sulfatos\/electrolitos no contienen residuos de agentes reductores, y el proceso elimina una importante cantidad de impurezas de oligoelementos que pueden causar degradaci\u00f3n en las bater\u00edas.<\/p>\n<p>Nuestros compuestos de vanadio pueden envasarse en bidones de 20, 25 o 200 litros, en GRG de 1.000 litros o en camiones cisterna revestidos de 26 toneladas.<\/p>\n","protected":false},"excerpt":{"rendered":"<p>Oxkem fabrica una gama de compuestos de vanadio para utilizar en la fabricaci\u00f3n de bater\u00edas, catalizadores, pigmentos y tratamientos de [&hellip;]<\/p>\n","protected":false},"author":1,"featured_media":0,"parent":0,"menu_order":3,"comment_status":"closed","ping_status":"closed","template":"templates\/compounds.php","meta":{"_acf_changed":false,"footnotes":""},"class_list":["post-981","page","type-page","status-publish","hentry"],"acf":[],"yoast_head":"<!-- This site is optimized with the Yoast SEO plugin v27.2 - https:\/\/yoast.com\/product\/yoast-seo-wordpress\/ -->\n<title>Compuestos de vanadio | Oxkem<\/title>\n<meta name=\"robots\" content=\"index, follow, max-snippet:-1, max-image-preview:large, max-video-preview:-1\" \/>\n<link rel=\"canonical\" href=\"https:\/\/www.oxkem.com\/es\/compuestos-de-vanadio\/\" \/>\n<meta property=\"og:locale\" content=\"es_ES\" \/>\n<meta property=\"og:type\" content=\"article\" \/>\n<meta property=\"og:title\" content=\"Compuestos de vanadio | Oxkem\" \/>\n<meta property=\"og:description\" content=\"Oxkem fabrica una gama de compuestos de vanadio para utilizar en la fabricaci\u00f3n de bater\u00edas, catalizadores, pigmentos y tratamientos de [&hellip;]\" \/>\n<meta property=\"og:url\" content=\"https:\/\/www.oxkem.com\/es\/compuestos-de-vanadio\/\" \/>\n<meta property=\"og:site_name\" content=\"Oxkem\" \/>\n<meta property=\"og:image\" content=\"https:\/\/www.oxkem.com\/wp-content\/uploads\/2023\/10\/favicon.png\" \/>\n\t<meta property=\"og:image:width\" content=\"2936\" \/>\n\t<meta property=\"og:image:height\" content=\"2936\" \/>\n\t<meta property=\"og:image:type\" content=\"image\/png\" \/>\n<meta name=\"twitter:card\" content=\"summary_large_image\" \/>\n<meta name=\"twitter:label1\" content=\"Tiempo de lectura\" \/>\n\t<meta name=\"twitter:data1\" content=\"1 minuto\" \/>\n<script type=\"application\/ld+json\" class=\"yoast-schema-graph\">{\"@context\":\"https:\/\/schema.org\",\"@graph\":[{\"@type\":\"WebPage\",\"@id\":\"https:\/\/www.oxkem.com\/es\/compuestos-de-vanadio\/\",\"url\":\"https:\/\/www.oxkem.com\/es\/compuestos-de-vanadio\/\",\"name\":\"Compuestos de vanadio | Oxkem\",\"isPartOf\":{\"@id\":\"https:\/\/www.oxkem.com\/es\/#website\"},\"datePublished\":\"2022-12-13T16:18:38+00:00\",\"breadcrumb\":{\"@id\":\"https:\/\/www.oxkem.com\/es\/compuestos-de-vanadio\/#breadcrumb\"},\"inLanguage\":\"es\",\"potentialAction\":[{\"@type\":\"ReadAction\",\"target\":[\"https:\/\/www.oxkem.com\/es\/compuestos-de-vanadio\/\"]}]},{\"@type\":\"BreadcrumbList\",\"@id\":\"https:\/\/www.oxkem.com\/es\/compuestos-de-vanadio\/#breadcrumb\",\"itemListElement\":[{\"@type\":\"ListItem\",\"position\":1,\"name\":\"Home\",\"item\":\"https:\/\/www.oxkem.com\/es\/\"},{\"@type\":\"ListItem\",\"position\":2,\"name\":\"Compuestos de vanadio\"}]},{\"@type\":\"WebSite\",\"@id\":\"https:\/\/www.oxkem.com\/es\/#website\",\"url\":\"https:\/\/www.oxkem.com\/es\/\",\"name\":\"Oxkem\",\"description\":\"a world leader in metal salts\",\"potentialAction\":[{\"@type\":\"SearchAction\",\"target\":{\"@type\":\"EntryPoint\",\"urlTemplate\":\"https:\/\/www.oxkem.com\/es\/?s={search_term_string}\"},\"query-input\":{\"@type\":\"PropertyValueSpecification\",\"valueRequired\":true,\"valueName\":\"search_term_string\"}}],\"inLanguage\":\"es\"}]}<\/script>\n<!-- \/ Yoast SEO plugin. -->","yoast_head_json":{"title":"Compuestos de vanadio | Oxkem","robots":{"index":"index","follow":"follow","max-snippet":"max-snippet:-1","max-image-preview":"max-image-preview:large","max-video-preview":"max-video-preview:-1"},"canonical":"https:\/\/www.oxkem.com\/es\/compuestos-de-vanadio\/","og_locale":"es_ES","og_type":"article","og_title":"Compuestos de vanadio | Oxkem","og_description":"Oxkem fabrica una gama de compuestos de vanadio para utilizar en la fabricaci\u00f3n de bater\u00edas, catalizadores, pigmentos y tratamientos de [&hellip;]","og_url":"https:\/\/www.oxkem.com\/es\/compuestos-de-vanadio\/","og_site_name":"Oxkem","og_image":[{"width":2936,"height":2936,"url":"https:\/\/www.oxkem.com\/wp-content\/uploads\/2023\/10\/favicon.png","type":"image\/png"}],"twitter_card":"summary_large_image","twitter_misc":{"Tiempo de lectura":"1 minuto"},"schema":{"@context":"https:\/\/schema.org","@graph":[{"@type":"WebPage","@id":"https:\/\/www.oxkem.com\/es\/compuestos-de-vanadio\/","url":"https:\/\/www.oxkem.com\/es\/compuestos-de-vanadio\/","name":"Compuestos de vanadio | Oxkem","isPartOf":{"@id":"https:\/\/www.oxkem.com\/es\/#website"},"datePublished":"2022-12-13T16:18:38+00:00","breadcrumb":{"@id":"https:\/\/www.oxkem.com\/es\/compuestos-de-vanadio\/#breadcrumb"},"inLanguage":"es","potentialAction":[{"@type":"ReadAction","target":["https:\/\/www.oxkem.com\/es\/compuestos-de-vanadio\/"]}]},{"@type":"BreadcrumbList","@id":"https:\/\/www.oxkem.com\/es\/compuestos-de-vanadio\/#breadcrumb","itemListElement":[{"@type":"ListItem","position":1,"name":"Home","item":"https:\/\/www.oxkem.com\/es\/"},{"@type":"ListItem","position":2,"name":"Compuestos de vanadio"}]},{"@type":"WebSite","@id":"https:\/\/www.oxkem.com\/es\/#website","url":"https:\/\/www.oxkem.com\/es\/","name":"Oxkem","description":"a world leader in metal salts","potentialAction":[{"@type":"SearchAction","target":{"@type":"EntryPoint","urlTemplate":"https:\/\/www.oxkem.com\/es\/?s={search_term_string}"},"query-input":{"@type":"PropertyValueSpecification","valueRequired":true,"valueName":"search_term_string"}}],"inLanguage":"es"}]}},"_links":{"self":[{"href":"https:\/\/www.oxkem.com\/es\/wp-json\/wp\/v2\/pages\/981","targetHints":{"allow":["GET"]}}],"collection":[{"href":"https:\/\/www.oxkem.com\/es\/wp-json\/wp\/v2\/pages"}],"about":[{"href":"https:\/\/www.oxkem.com\/es\/wp-json\/wp\/v2\/types\/page"}],"author":[{"embeddable":true,"href":"https:\/\/www.oxkem.com\/es\/wp-json\/wp\/v2\/users\/1"}],"replies":[{"embeddable":true,"href":"https:\/\/www.oxkem.com\/es\/wp-json\/wp\/v2\/comments?post=981"}],"version-history":[{"count":0,"href":"https:\/\/www.oxkem.com\/es\/wp-json\/wp\/v2\/pages\/981\/revisions"}],"wp:attachment":[{"href":"https:\/\/www.oxkem.com\/es\/wp-json\/wp\/v2\/media?parent=981"}],"curies":[{"name":"wp","href":"https:\/\/api.w.org\/{rel}","templated":true}]}}