{"id":982,"date":"2022-12-13T16:18:50","date_gmt":"2022-12-13T16:18:50","guid":{"rendered":"https:\/\/www.oxkem.com\/compuestos-de-cromo\/"},"modified":"2022-12-13T16:18:50","modified_gmt":"2022-12-13T16:18:50","slug":"compuestos-de-cromo","status":"publish","type":"page","link":"https:\/\/www.oxkem.com\/es\/compuestos-de-cromo\/","title":{"rendered":"Compuestos de cromo"},"content":{"rendered":"<p><strong>Los compuestos de cromo trivalente pueden utilizarse para una amplia gama de aplicaciones: en la fabricaci\u00f3n de catalizadores, tintes, petr\u00f3leo y gas; en diversas formas de tratamiento de superficies (incluida la pasivaci\u00f3n) y, de forma m\u00e1s general, como reticulantes y agentes de polimerizaci\u00f3n.\u00a0 <\/strong><\/p>\n<p>Para producir su amplia gama de sales de cromo, Oxkem reduce tri\u00f3xido de cromo de gran pureza en reactores revestidos de vidrio y titanio. El proceso de fabricaci\u00f3n, con un cuidadoso control de calidad en cada etapa, garantiza productos de pureza extremadamente alta; no hay residuos con capacidad de crear NOx (\u00f3xidos de nitr\u00f3geno) o gasificaci\u00f3n general en el producto acabado.<\/p>\n<p>Los compuestos de cromo de Oxkem pueden suministrarse en bidones de 20, 25 o 200 litros, GRG de 1.000 litros o camiones cisterna de 26 toneladas.<\/p>\n","protected":false},"excerpt":{"rendered":"<p>Los compuestos de cromo trivalente pueden utilizarse para una amplia gama de aplicaciones: en la fabricaci\u00f3n de catalizadores, tintes, petr\u00f3leo [&hellip;]<\/p>\n","protected":false},"author":1,"featured_media":0,"parent":0,"menu_order":2,"comment_status":"closed","ping_status":"closed","template":"templates\/compounds.php","meta":{"_acf_changed":false,"footnotes":""},"class_list":["post-982","page","type-page","status-publish","hentry"],"acf":[],"yoast_head":"<!-- This site is optimized with the Yoast SEO plugin v27.2 - https:\/\/yoast.com\/product\/yoast-seo-wordpress\/ -->\n<title>Compuestos de cromo | Oxkem<\/title>\n<meta name=\"robots\" content=\"index, follow, max-snippet:-1, max-image-preview:large, max-video-preview:-1\" \/>\n<link rel=\"canonical\" href=\"https:\/\/www.oxkem.com\/es\/compuestos-de-cromo\/\" \/>\n<meta property=\"og:locale\" content=\"es_ES\" \/>\n<meta property=\"og:type\" content=\"article\" \/>\n<meta property=\"og:title\" content=\"Compuestos de cromo | Oxkem\" \/>\n<meta property=\"og:description\" content=\"Los compuestos de cromo trivalente pueden utilizarse para una amplia gama de aplicaciones: en la fabricaci\u00f3n de catalizadores, tintes, petr\u00f3leo [&hellip;]\" \/>\n<meta property=\"og:url\" content=\"https:\/\/www.oxkem.com\/es\/compuestos-de-cromo\/\" \/>\n<meta property=\"og:site_name\" content=\"Oxkem\" \/>\n<meta property=\"og:image\" content=\"https:\/\/www.oxkem.com\/wp-content\/uploads\/2023\/10\/favicon.png\" \/>\n\t<meta property=\"og:image:width\" content=\"2936\" \/>\n\t<meta property=\"og:image:height\" content=\"2936\" \/>\n\t<meta property=\"og:image:type\" content=\"image\/png\" \/>\n<meta name=\"twitter:card\" content=\"summary_large_image\" \/>\n<meta name=\"twitter:label1\" content=\"Tiempo de lectura\" \/>\n\t<meta name=\"twitter:data1\" content=\"1 minuto\" \/>\n<script type=\"application\/ld+json\" class=\"yoast-schema-graph\">{\"@context\":\"https:\/\/schema.org\",\"@graph\":[{\"@type\":\"WebPage\",\"@id\":\"https:\/\/www.oxkem.com\/es\/compuestos-de-cromo\/\",\"url\":\"https:\/\/www.oxkem.com\/es\/compuestos-de-cromo\/\",\"name\":\"Compuestos de cromo | Oxkem\",\"isPartOf\":{\"@id\":\"https:\/\/www.oxkem.com\/es\/#website\"},\"datePublished\":\"2022-12-13T16:18:50+00:00\",\"breadcrumb\":{\"@id\":\"https:\/\/www.oxkem.com\/es\/compuestos-de-cromo\/#breadcrumb\"},\"inLanguage\":\"es\",\"potentialAction\":[{\"@type\":\"ReadAction\",\"target\":[\"https:\/\/www.oxkem.com\/es\/compuestos-de-cromo\/\"]}]},{\"@type\":\"BreadcrumbList\",\"@id\":\"https:\/\/www.oxkem.com\/es\/compuestos-de-cromo\/#breadcrumb\",\"itemListElement\":[{\"@type\":\"ListItem\",\"position\":1,\"name\":\"Home\",\"item\":\"https:\/\/www.oxkem.com\/es\/\"},{\"@type\":\"ListItem\",\"position\":2,\"name\":\"Compuestos de cromo\"}]},{\"@type\":\"WebSite\",\"@id\":\"https:\/\/www.oxkem.com\/es\/#website\",\"url\":\"https:\/\/www.oxkem.com\/es\/\",\"name\":\"Oxkem\",\"description\":\"a world leader in metal salts\",\"potentialAction\":[{\"@type\":\"SearchAction\",\"target\":{\"@type\":\"EntryPoint\",\"urlTemplate\":\"https:\/\/www.oxkem.com\/es\/?s={search_term_string}\"},\"query-input\":{\"@type\":\"PropertyValueSpecification\",\"valueRequired\":true,\"valueName\":\"search_term_string\"}}],\"inLanguage\":\"es\"}]}<\/script>\n<!-- \/ Yoast SEO plugin. -->","yoast_head_json":{"title":"Compuestos de cromo | Oxkem","robots":{"index":"index","follow":"follow","max-snippet":"max-snippet:-1","max-image-preview":"max-image-preview:large","max-video-preview":"max-video-preview:-1"},"canonical":"https:\/\/www.oxkem.com\/es\/compuestos-de-cromo\/","og_locale":"es_ES","og_type":"article","og_title":"Compuestos de cromo | Oxkem","og_description":"Los compuestos de cromo trivalente pueden utilizarse para una amplia gama de aplicaciones: en la fabricaci\u00f3n de catalizadores, tintes, petr\u00f3leo [&hellip;]","og_url":"https:\/\/www.oxkem.com\/es\/compuestos-de-cromo\/","og_site_name":"Oxkem","og_image":[{"width":2936,"height":2936,"url":"https:\/\/www.oxkem.com\/wp-content\/uploads\/2023\/10\/favicon.png","type":"image\/png"}],"twitter_card":"summary_large_image","twitter_misc":{"Tiempo de lectura":"1 minuto"},"schema":{"@context":"https:\/\/schema.org","@graph":[{"@type":"WebPage","@id":"https:\/\/www.oxkem.com\/es\/compuestos-de-cromo\/","url":"https:\/\/www.oxkem.com\/es\/compuestos-de-cromo\/","name":"Compuestos de cromo | Oxkem","isPartOf":{"@id":"https:\/\/www.oxkem.com\/es\/#website"},"datePublished":"2022-12-13T16:18:50+00:00","breadcrumb":{"@id":"https:\/\/www.oxkem.com\/es\/compuestos-de-cromo\/#breadcrumb"},"inLanguage":"es","potentialAction":[{"@type":"ReadAction","target":["https:\/\/www.oxkem.com\/es\/compuestos-de-cromo\/"]}]},{"@type":"BreadcrumbList","@id":"https:\/\/www.oxkem.com\/es\/compuestos-de-cromo\/#breadcrumb","itemListElement":[{"@type":"ListItem","position":1,"name":"Home","item":"https:\/\/www.oxkem.com\/es\/"},{"@type":"ListItem","position":2,"name":"Compuestos de cromo"}]},{"@type":"WebSite","@id":"https:\/\/www.oxkem.com\/es\/#website","url":"https:\/\/www.oxkem.com\/es\/","name":"Oxkem","description":"a world leader in metal salts","potentialAction":[{"@type":"SearchAction","target":{"@type":"EntryPoint","urlTemplate":"https:\/\/www.oxkem.com\/es\/?s={search_term_string}"},"query-input":{"@type":"PropertyValueSpecification","valueRequired":true,"valueName":"search_term_string"}}],"inLanguage":"es"}]}},"_links":{"self":[{"href":"https:\/\/www.oxkem.com\/es\/wp-json\/wp\/v2\/pages\/982","targetHints":{"allow":["GET"]}}],"collection":[{"href":"https:\/\/www.oxkem.com\/es\/wp-json\/wp\/v2\/pages"}],"about":[{"href":"https:\/\/www.oxkem.com\/es\/wp-json\/wp\/v2\/types\/page"}],"author":[{"embeddable":true,"href":"https:\/\/www.oxkem.com\/es\/wp-json\/wp\/v2\/users\/1"}],"replies":[{"embeddable":true,"href":"https:\/\/www.oxkem.com\/es\/wp-json\/wp\/v2\/comments?post=982"}],"version-history":[{"count":0,"href":"https:\/\/www.oxkem.com\/es\/wp-json\/wp\/v2\/pages\/982\/revisions"}],"wp:attachment":[{"href":"https:\/\/www.oxkem.com\/es\/wp-json\/wp\/v2\/media?parent=982"}],"curies":[{"name":"wp","href":"https:\/\/api.w.org\/{rel}","templated":true}]}}